{"id":7489,"date":"2023-06-17T02:15:01","date_gmt":"2023-06-17T02:15:01","guid":{"rendered":"https:\/\/personal.santaferelo.com\/diversite-equite-et-inclusion\/"},"modified":"2024-09-13T09:20:52","modified_gmt":"2024-09-13T09:20:52","slug":"diversite-equite-et-inclusion","status":"publish","type":"page","link":"https:\/\/personal.santaferelo.com\/fr\/a-propos-de-nous\/diversite-equite-et-inclusion\/","title":{"rendered":"Diversit\u00e9, \u00e9quit\u00e9 et inclusion"},"content":{"rendered":"\n<h2 class=\"wp-block-heading\" id=\"h-votre-voyage-est-le-notre\">Votre voyage est le n\u00f4tre<\/h2>\n\n\n\n<h3 class=\"wp-block-heading\" id=\"h-dans-nos-64-bureaux-repartis-dans-38-pays-nous-nous-efforcons-de-creer-des-lieux-de-travail-diversifies-et-inclusifs-ou-chacun-a-la-possibilite-de-se-realiser-chez-santa-fe\">Dans nos 64 bureaux r\u00e9partis dans 38 pays, nous nous effor\u00e7ons de cr\u00e9er des lieux de travail diversifi\u00e9s et inclusifs o\u00f9 chacun a la possibilit\u00e9 de se r\u00e9aliser chez Santa Fe.<\/h3>\n\n\n\n<h2 class=\"wp-block-heading\" id=\"h-notre-engagement\">Notre engagement<\/h2>\n\n\n\n<p>Tout comme notre groupe associ\u00e9, Santa Fe Relocation a une tol\u00e9rance z\u00e9ro de la discrimination et s&rsquo;engage \u00e0 offrir l&rsquo;\u00e9galit\u00e9 des chances \u00e0 tous les employ\u00e9s actuels et potentiels, ind\u00e9pendamment de l&rsquo;\u00e2ge, du handicap, du sexe, de l&rsquo;orientation sexuelle, de la grossesse et de la maternit\u00e9, de la race ou de l&rsquo;appartenance ethnique, de la religion ou des croyances, de l&rsquo;identit\u00e9 de genre, ou du mariage et du partenariat civil.<\/p>\n\n\n\n<p>Nous pensons qu\u2019un lieu de travail inclusif o\u00f9 des personnes d\u2019horizons diff\u00e9rents travaillent ensemble est une garantie de meilleurs r\u00e9sultats pour tout le personnel. Nous aspirons \u00e0 avoir des effectifs divers, car selon nous la diversit\u00e9 est source de meilleurs r\u00e9sultats pour notre activit\u00e9.<\/p>\n\n\n\n<p>Nous prenons des mesures positives pour garantir que nos employ\u00e9s, parties prenantes, travailleurs ind\u00e9pendants et clients puissent profiter d&rsquo;un environnement juste, \u00e9quitable et sans discrimination.Nos collaborateurs sont au coeur de notre entreprise : dans le cadre des valeurs de Santa Fe, nous appr\u00e9cions nos employ\u00e9s, nos collaborateurs et la diversit\u00e9 qu&rsquo;ils apportent \u00e0 l\u2019entreprise.<\/p>\n","protected":false},"excerpt":{"rendered":"<p>Votre voyage est le n\u00f4tre Dans nos 64 bureaux r\u00e9partis dans 38 pays, nous nous effor\u00e7ons de cr\u00e9er des lieux de travail diversifi\u00e9s et inclusifs o\u00f9 chacun a la possibilit\u00e9 de se r\u00e9aliser chez Santa Fe. Notre engagement Tout comme notre groupe associ\u00e9, Santa Fe Relocation a une tol\u00e9rance z\u00e9ro de la discrimination et s&rsquo;engage [&hellip;]<\/p>\n","protected":false},"author":3,"featured_media":0,"parent":7490,"menu_order":0,"comment_status":"closed","ping_status":"closed","template":"","meta":{"_acf_changed":false,"footnotes":""},"class_list":["post-7489","page","type-page","status-publish","hentry"],"acf":[],"yoast_head":"<!-- This site is optimized with the Yoast SEO Premium plugin v22.8 (Yoast SEO v23.7) - https:\/\/yoast.com\/wordpress\/plugins\/seo\/ -->\n<title>Diversit\u00e9, \u00e9quit\u00e9 et inclusion - Santa Fe Relocation<\/title>\n<meta name=\"robots\" content=\"index, follow, max-snippet:-1, max-image-preview:large, max-video-preview:-1\" \/>\n<link rel=\"canonical\" href=\"https:\/\/personal.santaferelo.com\/fr\/a-propos-de-nous\/diversite-equite-et-inclusion\/\" \/>\n<meta property=\"og:locale\" content=\"fr_FR\" \/>\n<meta property=\"og:type\" content=\"article\" \/>\n<meta property=\"og:title\" content=\"Diversit\u00e9, \u00e9quit\u00e9 et inclusion\" \/>\n<meta property=\"og:description\" content=\"Votre voyage est le n\u00f4tre Dans nos 64 bureaux r\u00e9partis dans 38 pays, nous nous effor\u00e7ons de cr\u00e9er des lieux de travail diversifi\u00e9s et inclusifs o\u00f9 chacun a la possibilit\u00e9 de se r\u00e9aliser chez Santa Fe. Notre engagement Tout comme notre groupe associ\u00e9, Santa Fe Relocation a une tol\u00e9rance z\u00e9ro de la discrimination et s&rsquo;engage [&hellip;]\" \/>\n<meta property=\"og:url\" content=\"https:\/\/personal.santaferelo.com\/fr\/a-propos-de-nous\/diversite-equite-et-inclusion\/\" \/>\n<meta property=\"og:site_name\" content=\"Santa Fe Relocation\" \/>\n<meta property=\"article:modified_time\" content=\"2024-09-13T09:20:52+00:00\" \/>\n<meta name=\"twitter:card\" content=\"summary_large_image\" \/>\n<meta name=\"twitter:label1\" content=\"Dur\u00e9e de lecture estim\u00e9e\" \/>\n\t<meta name=\"twitter:data1\" content=\"1 minute\" \/>\n<script type=\"application\/ld+json\" class=\"yoast-schema-graph\">{\"@context\":\"https:\/\/schema.org\",\"@graph\":[{\"@type\":\"WebPage\",\"@id\":\"https:\/\/personal.santaferelo.com\/fr\/a-propos-de-nous\/diversite-equite-et-inclusion\/\",\"url\":\"https:\/\/personal.santaferelo.com\/fr\/a-propos-de-nous\/diversite-equite-et-inclusion\/\",\"name\":\"Diversit\u00e9, \u00e9quit\u00e9 et inclusion - Santa Fe Relocation\",\"isPartOf\":{\"@id\":\"https:\/\/personal.santaferelo.com\/#website\"},\"datePublished\":\"2023-06-17T02:15:01+00:00\",\"dateModified\":\"2024-09-13T09:20:52+00:00\",\"breadcrumb\":{\"@id\":\"https:\/\/personal.santaferelo.com\/fr\/a-propos-de-nous\/diversite-equite-et-inclusion\/#breadcrumb\"},\"inLanguage\":\"fr-FR\",\"potentialAction\":[{\"@type\":\"ReadAction\",\"target\":[\"https:\/\/personal.santaferelo.com\/fr\/a-propos-de-nous\/diversite-equite-et-inclusion\/\"]}]},{\"@type\":\"BreadcrumbList\",\"@id\":\"https:\/\/personal.santaferelo.com\/fr\/a-propos-de-nous\/diversite-equite-et-inclusion\/#breadcrumb\",\"itemListElement\":[{\"@type\":\"ListItem\",\"position\":1,\"name\":\"Home\",\"item\":\"https:\/\/personal.santaferelo.com\/\"},{\"@type\":\"ListItem\",\"position\":2,\"name\":\"\u00c0 propos de nous\",\"item\":\"https:\/\/personal.santaferelo.com\/fr\/a-propos-de-nous\/\"},{\"@type\":\"ListItem\",\"position\":3,\"name\":\"Diversit\u00e9, \u00e9quit\u00e9 et inclusion\"}]},{\"@type\":\"WebSite\",\"@id\":\"https:\/\/personal.santaferelo.com\/#website\",\"url\":\"https:\/\/personal.santaferelo.com\/\",\"name\":\"Santa Fe Relocation\",\"description\":\"International and Local Moving\",\"publisher\":{\"@id\":\"https:\/\/personal.santaferelo.com\/#organization\"},\"potentialAction\":[{\"@type\":\"SearchAction\",\"target\":{\"@type\":\"EntryPoint\",\"urlTemplate\":\"https:\/\/personal.santaferelo.com\/?s={search_term_string}\"},\"query-input\":{\"@type\":\"PropertyValueSpecification\",\"valueRequired\":true,\"valueName\":\"search_term_string\"}}],\"inLanguage\":\"fr-FR\"},{\"@type\":\"Organization\",\"@id\":\"https:\/\/personal.santaferelo.com\/#organization\",\"name\":\"Santa Fe Relocation\",\"url\":\"https:\/\/personal.santaferelo.com\/\",\"logo\":{\"@type\":\"ImageObject\",\"inLanguage\":\"fr-FR\",\"@id\":\"https:\/\/personal.santaferelo.com\/#\/schema\/logo\/image\/\",\"url\":\"https:\/\/personal.santaferelo.com\/wp-content\/uploads\/2023\/05\/santalogo.svg?wsr\",\"contentUrl\":\"https:\/\/personal.santaferelo.com\/wp-content\/uploads\/2023\/05\/santalogo.svg?wsr\",\"width\":493,\"height\":289,\"caption\":\"Santa Fe Relocation\"},\"image\":{\"@id\":\"https:\/\/personal.santaferelo.com\/#\/schema\/logo\/image\/\"}}]}<\/script>\n<!-- \/ Yoast SEO Premium plugin. -->","yoast_head_json":{"title":"Diversit\u00e9, \u00e9quit\u00e9 et inclusion - Santa Fe Relocation","robots":{"index":"index","follow":"follow","max-snippet":"max-snippet:-1","max-image-preview":"max-image-preview:large","max-video-preview":"max-video-preview:-1"},"canonical":"https:\/\/personal.santaferelo.com\/fr\/a-propos-de-nous\/diversite-equite-et-inclusion\/","og_locale":"fr_FR","og_type":"article","og_title":"Diversit\u00e9, \u00e9quit\u00e9 et inclusion","og_description":"Votre voyage est le n\u00f4tre Dans nos 64 bureaux r\u00e9partis dans 38 pays, nous nous effor\u00e7ons de cr\u00e9er des lieux de travail diversifi\u00e9s et inclusifs o\u00f9 chacun a la possibilit\u00e9 de se r\u00e9aliser chez Santa Fe. Notre engagement Tout comme notre groupe associ\u00e9, Santa Fe Relocation a une tol\u00e9rance z\u00e9ro de la discrimination et s&rsquo;engage [&hellip;]","og_url":"https:\/\/personal.santaferelo.com\/fr\/a-propos-de-nous\/diversite-equite-et-inclusion\/","og_site_name":"Santa Fe Relocation","article_modified_time":"2024-09-13T09:20:52+00:00","twitter_card":"summary_large_image","twitter_misc":{"Dur\u00e9e de lecture estim\u00e9e":"1 minute"},"schema":{"@context":"https:\/\/schema.org","@graph":[{"@type":"WebPage","@id":"https:\/\/personal.santaferelo.com\/fr\/a-propos-de-nous\/diversite-equite-et-inclusion\/","url":"https:\/\/personal.santaferelo.com\/fr\/a-propos-de-nous\/diversite-equite-et-inclusion\/","name":"Diversit\u00e9, \u00e9quit\u00e9 et inclusion - Santa Fe Relocation","isPartOf":{"@id":"https:\/\/personal.santaferelo.com\/#website"},"datePublished":"2023-06-17T02:15:01+00:00","dateModified":"2024-09-13T09:20:52+00:00","breadcrumb":{"@id":"https:\/\/personal.santaferelo.com\/fr\/a-propos-de-nous\/diversite-equite-et-inclusion\/#breadcrumb"},"inLanguage":"fr-FR","potentialAction":[{"@type":"ReadAction","target":["https:\/\/personal.santaferelo.com\/fr\/a-propos-de-nous\/diversite-equite-et-inclusion\/"]}]},{"@type":"BreadcrumbList","@id":"https:\/\/personal.santaferelo.com\/fr\/a-propos-de-nous\/diversite-equite-et-inclusion\/#breadcrumb","itemListElement":[{"@type":"ListItem","position":1,"name":"Home","item":"https:\/\/personal.santaferelo.com\/"},{"@type":"ListItem","position":2,"name":"\u00c0 propos de nous","item":"https:\/\/personal.santaferelo.com\/fr\/a-propos-de-nous\/"},{"@type":"ListItem","position":3,"name":"Diversit\u00e9, \u00e9quit\u00e9 et inclusion"}]},{"@type":"WebSite","@id":"https:\/\/personal.santaferelo.com\/#website","url":"https:\/\/personal.santaferelo.com\/","name":"Santa Fe Relocation","description":"International and Local Moving","publisher":{"@id":"https:\/\/personal.santaferelo.com\/#organization"},"potentialAction":[{"@type":"SearchAction","target":{"@type":"EntryPoint","urlTemplate":"https:\/\/personal.santaferelo.com\/?s={search_term_string}"},"query-input":{"@type":"PropertyValueSpecification","valueRequired":true,"valueName":"search_term_string"}}],"inLanguage":"fr-FR"},{"@type":"Organization","@id":"https:\/\/personal.santaferelo.com\/#organization","name":"Santa Fe Relocation","url":"https:\/\/personal.santaferelo.com\/","logo":{"@type":"ImageObject","inLanguage":"fr-FR","@id":"https:\/\/personal.santaferelo.com\/#\/schema\/logo\/image\/","url":"https:\/\/personal.santaferelo.com\/wp-content\/uploads\/2023\/05\/santalogo.svg?wsr","contentUrl":"https:\/\/personal.santaferelo.com\/wp-content\/uploads\/2023\/05\/santalogo.svg?wsr","width":493,"height":289,"caption":"Santa Fe Relocation"},"image":{"@id":"https:\/\/personal.santaferelo.com\/#\/schema\/logo\/image\/"}}]}},"_links":{"self":[{"href":"https:\/\/personal.santaferelo.com\/fr\/wp-json\/wp\/v2\/pages\/7489","targetHints":{"allow":["GET"]}}],"collection":[{"href":"https:\/\/personal.santaferelo.com\/fr\/wp-json\/wp\/v2\/pages"}],"about":[{"href":"https:\/\/personal.santaferelo.com\/fr\/wp-json\/wp\/v2\/types\/page"}],"author":[{"embeddable":true,"href":"https:\/\/personal.santaferelo.com\/fr\/wp-json\/wp\/v2\/users\/3"}],"replies":[{"embeddable":true,"href":"https:\/\/personal.santaferelo.com\/fr\/wp-json\/wp\/v2\/comments?post=7489"}],"version-history":[{"count":1,"href":"https:\/\/personal.santaferelo.com\/fr\/wp-json\/wp\/v2\/pages\/7489\/revisions"}],"predecessor-version":[{"id":11485,"href":"https:\/\/personal.santaferelo.com\/fr\/wp-json\/wp\/v2\/pages\/7489\/revisions\/11485"}],"up":[{"embeddable":true,"href":"https:\/\/personal.santaferelo.com\/fr\/wp-json\/wp\/v2\/pages\/7490"}],"wp:attachment":[{"href":"https:\/\/personal.santaferelo.com\/fr\/wp-json\/wp\/v2\/media?parent=7489"}],"curies":[{"name":"wp","href":"https:\/\/api.w.org\/{rel}","templated":true}]}}