{"id":7380,"date":"2023-07-06T05:42:30","date_gmt":"2023-07-06T05:42:30","guid":{"rendered":"https:\/\/personal.santaferelo.com\/marketplace-support-thankyou\/"},"modified":"2023-08-24T04:40:59","modified_gmt":"2023-08-24T04:40:59","slug":"marketplace-support-thankyou","status":"publish","type":"page","link":"https:\/\/personal.santaferelo.com\/fr\/marketplace-support-thankyou\/","title":{"rendered":"Soutien Marketpalce Merci"},"content":{"rendered":"\t\t<div data-elementor-type=\"wp-page\" data-elementor-id=\"7380\" class=\"elementor elementor-7380\" data-elementor-post-type=\"page\">\n\t\t\t\t<div class=\"elementor-element elementor-element-a61f792 e-flex e-con-boxed e-con e-parent\" data-id=\"a61f792\" data-element_type=\"container\" data-settings=\"{&quot;background_background&quot;:&quot;classic&quot;}\">\n\t\t\t\t\t<div class=\"e-con-inner\">\n\t\t<div class=\"elementor-element elementor-element-5b533e8 e-flex e-con-boxed e-con e-parent\" data-id=\"5b533e8\" data-element_type=\"container\">\n\t\t\t\t\t<div class=\"e-con-inner\">\n\t\t\t\t<div class=\"elementor-element elementor-element-a312c6b elementor-widget elementor-widget-heading\" data-id=\"a312c6b\" data-element_type=\"widget\" data-widget_type=\"heading.default\">\n\t\t\t\t<div class=\"elementor-widget-container\">\n\t\t\t<h1 class=\"elementor-heading-title elementor-size-default\">Merci de nous avoir contact\u00e9s.<\/h1>\t\t<\/div>\n\t\t\t\t<\/div>\n\t\t\t\t<div class=\"elementor-element elementor-element-e8b1562 elementor-widget__width-initial elementor-widget elementor-widget-heading\" data-id=\"e8b1562\" data-element_type=\"widget\" data-widget_type=\"heading.default\">\n\t\t\t\t<div class=\"elementor-widget-container\">\n\t\t\t<p class=\"elementor-heading-title elementor-size-default\">Notre \u00e9quipe vous r\u00e9pondra prochainement.<\/p>\t\t<\/div>\n\t\t\t\t<\/div>\n\t\t\t\t\t<\/div>\n\t\t\t\t<\/div>\n\t\t\t\t\t<\/div>\n\t\t\t\t<\/div>\n\t\t\t\t<\/div>\n\t\t","protected":false},"excerpt":{"rendered":"<p>Merci de nous avoir contact\u00e9s. Notre \u00e9quipe vous r\u00e9pondra prochainement.<\/p>\n","protected":false},"author":6,"featured_media":0,"parent":0,"menu_order":0,"comment_status":"closed","ping_status":"closed","template":"","meta":{"_acf_changed":false,"footnotes":""},"class_list":["post-7380","page","type-page","status-publish","hentry"],"acf":[],"yoast_head":"<!-- This site is optimized with the Yoast SEO Premium plugin v22.8 (Yoast SEO v23.7) - https:\/\/yoast.com\/wordpress\/plugins\/seo\/ -->\n<title>Soutien Marketpalce Merci - Santa Fe Relocation<\/title>\n<meta name=\"robots\" content=\"index, follow, max-snippet:-1, max-image-preview:large, max-video-preview:-1\" \/>\n<link rel=\"canonical\" href=\"https:\/\/personal.santaferelo.com\/?page_id=4556\" \/>\n<meta property=\"og:locale\" content=\"fr_FR\" \/>\n<meta property=\"og:type\" content=\"article\" \/>\n<meta property=\"og:title\" content=\"Soutien Marketpalce Merci\" \/>\n<meta property=\"og:description\" content=\"Merci de nous avoir contact\u00e9s. Notre \u00e9quipe vous r\u00e9pondra prochainement.\" \/>\n<meta property=\"og:url\" content=\"https:\/\/personal.santaferelo.com\/?page_id=4556\" \/>\n<meta property=\"og:site_name\" content=\"Santa Fe Relocation\" \/>\n<meta property=\"article:modified_time\" content=\"2023-08-24T04:40:59+00:00\" \/>\n<meta name=\"twitter:card\" content=\"summary_large_image\" \/>\n<script type=\"application\/ld+json\" class=\"yoast-schema-graph\">{\"@context\":\"https:\/\/schema.org\",\"@graph\":[{\"@type\":\"WebPage\",\"@id\":\"https:\/\/personal.santaferelo.com\/?page_id=4556\",\"url\":\"https:\/\/personal.santaferelo.com\/?page_id=4556\",\"name\":\"Soutien Marketpalce Merci - Santa Fe Relocation\",\"isPartOf\":{\"@id\":\"https:\/\/personal.santaferelo.com\/#website\"},\"datePublished\":\"2023-07-06T05:42:30+00:00\",\"dateModified\":\"2023-08-24T04:40:59+00:00\",\"breadcrumb\":{\"@id\":\"https:\/\/personal.santaferelo.com\/?page_id=4556#breadcrumb\"},\"inLanguage\":\"fr-FR\",\"potentialAction\":[{\"@type\":\"ReadAction\",\"target\":[\"https:\/\/personal.santaferelo.com\/?page_id=4556\"]}]},{\"@type\":\"BreadcrumbList\",\"@id\":\"https:\/\/personal.santaferelo.com\/?page_id=4556#breadcrumb\",\"itemListElement\":[{\"@type\":\"ListItem\",\"position\":1,\"name\":\"Home\",\"item\":\"https:\/\/personal.santaferelo.com\/\"},{\"@type\":\"ListItem\",\"position\":2,\"name\":\"Soutien Marketpalce Merci\"}]},{\"@type\":\"WebSite\",\"@id\":\"https:\/\/personal.santaferelo.com\/#website\",\"url\":\"https:\/\/personal.santaferelo.com\/\",\"name\":\"Santa Fe Relocation\",\"description\":\"International and Local Moving\",\"publisher\":{\"@id\":\"https:\/\/personal.santaferelo.com\/#organization\"},\"potentialAction\":[{\"@type\":\"SearchAction\",\"target\":{\"@type\":\"EntryPoint\",\"urlTemplate\":\"https:\/\/personal.santaferelo.com\/?s={search_term_string}\"},\"query-input\":{\"@type\":\"PropertyValueSpecification\",\"valueRequired\":true,\"valueName\":\"search_term_string\"}}],\"inLanguage\":\"fr-FR\"},{\"@type\":\"Organization\",\"@id\":\"https:\/\/personal.santaferelo.com\/#organization\",\"name\":\"Santa Fe Relocation\",\"url\":\"https:\/\/personal.santaferelo.com\/\",\"logo\":{\"@type\":\"ImageObject\",\"inLanguage\":\"fr-FR\",\"@id\":\"https:\/\/personal.santaferelo.com\/#\/schema\/logo\/image\/\",\"url\":\"https:\/\/personal.santaferelo.com\/wp-content\/uploads\/2023\/05\/santalogo.svg?wsr\",\"contentUrl\":\"https:\/\/personal.santaferelo.com\/wp-content\/uploads\/2023\/05\/santalogo.svg?wsr\",\"width\":493,\"height\":289,\"caption\":\"Santa Fe Relocation\"},\"image\":{\"@id\":\"https:\/\/personal.santaferelo.com\/#\/schema\/logo\/image\/\"}}]}<\/script>\n<!-- \/ Yoast SEO Premium plugin. -->","yoast_head_json":{"title":"Soutien Marketpalce Merci - Santa Fe Relocation","robots":{"index":"index","follow":"follow","max-snippet":"max-snippet:-1","max-image-preview":"max-image-preview:large","max-video-preview":"max-video-preview:-1"},"canonical":"https:\/\/personal.santaferelo.com\/?page_id=4556","og_locale":"fr_FR","og_type":"article","og_title":"Soutien Marketpalce Merci","og_description":"Merci de nous avoir contact\u00e9s. Notre \u00e9quipe vous r\u00e9pondra prochainement.","og_url":"https:\/\/personal.santaferelo.com\/?page_id=4556","og_site_name":"Santa Fe Relocation","article_modified_time":"2023-08-24T04:40:59+00:00","twitter_card":"summary_large_image","schema":{"@context":"https:\/\/schema.org","@graph":[{"@type":"WebPage","@id":"https:\/\/personal.santaferelo.com\/?page_id=4556","url":"https:\/\/personal.santaferelo.com\/?page_id=4556","name":"Soutien Marketpalce Merci - Santa Fe Relocation","isPartOf":{"@id":"https:\/\/personal.santaferelo.com\/#website"},"datePublished":"2023-07-06T05:42:30+00:00","dateModified":"2023-08-24T04:40:59+00:00","breadcrumb":{"@id":"https:\/\/personal.santaferelo.com\/?page_id=4556#breadcrumb"},"inLanguage":"fr-FR","potentialAction":[{"@type":"ReadAction","target":["https:\/\/personal.santaferelo.com\/?page_id=4556"]}]},{"@type":"BreadcrumbList","@id":"https:\/\/personal.santaferelo.com\/?page_id=4556#breadcrumb","itemListElement":[{"@type":"ListItem","position":1,"name":"Home","item":"https:\/\/personal.santaferelo.com\/"},{"@type":"ListItem","position":2,"name":"Soutien Marketpalce Merci"}]},{"@type":"WebSite","@id":"https:\/\/personal.santaferelo.com\/#website","url":"https:\/\/personal.santaferelo.com\/","name":"Santa Fe Relocation","description":"International and Local Moving","publisher":{"@id":"https:\/\/personal.santaferelo.com\/#organization"},"potentialAction":[{"@type":"SearchAction","target":{"@type":"EntryPoint","urlTemplate":"https:\/\/personal.santaferelo.com\/?s={search_term_string}"},"query-input":{"@type":"PropertyValueSpecification","valueRequired":true,"valueName":"search_term_string"}}],"inLanguage":"fr-FR"},{"@type":"Organization","@id":"https:\/\/personal.santaferelo.com\/#organization","name":"Santa Fe Relocation","url":"https:\/\/personal.santaferelo.com\/","logo":{"@type":"ImageObject","inLanguage":"fr-FR","@id":"https:\/\/personal.santaferelo.com\/#\/schema\/logo\/image\/","url":"https:\/\/personal.santaferelo.com\/wp-content\/uploads\/2023\/05\/santalogo.svg?wsr","contentUrl":"https:\/\/personal.santaferelo.com\/wp-content\/uploads\/2023\/05\/santalogo.svg?wsr","width":493,"height":289,"caption":"Santa Fe Relocation"},"image":{"@id":"https:\/\/personal.santaferelo.com\/#\/schema\/logo\/image\/"}}]}},"_links":{"self":[{"href":"https:\/\/personal.santaferelo.com\/fr\/wp-json\/wp\/v2\/pages\/7380","targetHints":{"allow":["GET"]}}],"collection":[{"href":"https:\/\/personal.santaferelo.com\/fr\/wp-json\/wp\/v2\/pages"}],"about":[{"href":"https:\/\/personal.santaferelo.com\/fr\/wp-json\/wp\/v2\/types\/page"}],"author":[{"embeddable":true,"href":"https:\/\/personal.santaferelo.com\/fr\/wp-json\/wp\/v2\/users\/6"}],"replies":[{"embeddable":true,"href":"https:\/\/personal.santaferelo.com\/fr\/wp-json\/wp\/v2\/comments?post=7380"}],"version-history":[{"count":0,"href":"https:\/\/personal.santaferelo.com\/fr\/wp-json\/wp\/v2\/pages\/7380\/revisions"}],"wp:attachment":[{"href":"https:\/\/personal.santaferelo.com\/fr\/wp-json\/wp\/v2\/media?parent=7380"}],"curies":[{"name":"wp","href":"https:\/\/api.w.org\/{rel}","templated":true}]}}