{"id":7361,"date":"2023-06-14T07:43:32","date_gmt":"2023-06-14T07:43:32","guid":{"rendered":"https:\/\/personal.santaferelo.com\/moving-services\/fret-maritime-et-aerien\/"},"modified":"2024-11-19T17:11:51","modified_gmt":"2024-11-19T17:11:51","slug":"fret-maritime-et-aerien","status":"publish","type":"page","link":"https:\/\/personal.santaferelo.com\/fr\/services-de-demenagement\/fret-maritime-et-aerien\/","title":{"rendered":"Fret maritime et a\u00e9rien"},"content":{"rendered":"\t\t<div data-elementor-type=\"wp-page\" data-elementor-id=\"7361\" class=\"elementor elementor-7361 elementor-1212\" data-elementor-post-type=\"page\">\n\t\t\t\t<div class=\"elementor-element elementor-element-856f63f e-con-full e-flex e-con e-parent\" data-id=\"856f63f\" data-element_type=\"container\" data-settings=\"{&quot;background_background&quot;:&quot;classic&quot;}\">\n\t\t<div class=\"elementor-element elementor-element-1ee02ef e-flex e-con-boxed e-con e-child\" data-id=\"1ee02ef\" data-element_type=\"container\">\n\t\t\t\t\t<div class=\"e-con-inner\">\n\t\t<div class=\"elementor-element elementor-element-68221be e-con-full e-flex e-con e-child\" data-id=\"68221be\" data-element_type=\"container\">\n\t\t\t\t<div class=\"elementor-element elementor-element-0ffa3cf elementor-widget__width-inherit elementor-widget elementor-widget-heading\" data-id=\"0ffa3cf\" data-element_type=\"widget\" data-widget_type=\"heading.default\">\n\t\t\t\t<div class=\"elementor-widget-container\">\n\t\t\t<h1 class=\"elementor-heading-title elementor-size-default\">Fret maritime et a\u00e9rien<\/h1>\t\t<\/div>\n\t\t\t\t<\/div>\n\t\t\t\t<\/div>\n\t\t<div class=\"elementor-element elementor-element-5366c46 e-con-full e-flex e-con e-child\" data-id=\"5366c46\" data-element_type=\"container\" data-settings=\"{&quot;background_background&quot;:&quot;classic&quot;}\">\n\t\t\t\t<\/div>\n\t\t\t\t\t<\/div>\n\t\t\t\t<\/div>\n\t\t\t\t<\/div>\n\t\t<div class=\"elementor-element elementor-element-9728183 e-con-full e-flex e-con e-parent\" data-id=\"9728183\" data-element_type=\"container\" data-settings=\"{&quot;background_background&quot;:&quot;classic&quot;}\">\n\t\t<div class=\"elementor-element elementor-element-f06ecc4 e-flex e-con-boxed e-con e-child\" data-id=\"f06ecc4\" data-element_type=\"container\">\n\t\t\t\t\t<div class=\"e-con-inner\">\n\t\t<div class=\"elementor-element elementor-element-83c731c e-con-full e-flex e-con e-child\" data-id=\"83c731c\" data-element_type=\"container\">\n\t\t\t\t<div class=\"elementor-element elementor-element-f643270 elementor-widget__width-initial elementor-widget elementor-widget-heading\" data-id=\"f643270\" data-element_type=\"widget\" data-widget_type=\"heading.default\">\n\t\t\t\t<div class=\"elementor-widget-container\">\n\t\t\t<h3 class=\"elementor-heading-title elementor-size-default\">Nous trouverons le moyens appropri\u00e9 pour faire parvenir vos affaires \u00e0 votre nouveau domicile<\/h3>\t\t<\/div>\n\t\t\t\t<\/div>\n\t\t\t\t<div class=\"elementor-element elementor-element-1e8672d elementor-widget__width-initial elementor-widget-mobile__width-initial elementor-widget elementor-widget-text-editor\" data-id=\"1e8672d\" data-element_type=\"widget\" data-widget_type=\"text-editor.default\">\n\t\t\t\t<div class=\"elementor-widget-container\">\n\t\t\t\t\t\t\t<p>Lors d\u2019un d\u00e9m\u00e9nagement international, il ne vous incombe pas de tout savoir sur les m\u00e9thodes d\u2019exp\u00e9dition de vos affaires de leur point de d\u00e9part \u00e0 leur destination. Santa Fe peut g\u00e9rer la logistique de votre d\u00e9m\u00e9nagement pour que vous vous concentriez sur ce qui importe vraiment\u00a0: votre famille, vos amis, vos adieux et, plus important encore, votre futur. Nous offrons des services de fret a\u00e9rien et maritime, avec des options flexibles pour prendre en charge les besoins sp\u00e9cifiques li\u00e9s \u00e0 votre d\u00e9m\u00e9nagement.<\/p>\n\t\t\t\t\t\t<\/div>\n\t\t\t\t<\/div>\n\t\t\t\t<\/div>\n\t\t<div class=\"elementor-element elementor-element-cebcbc4 e-con-full e-flex e-con e-child\" data-id=\"cebcbc4\" data-element_type=\"container\" data-settings=\"{&quot;background_background&quot;:&quot;classic&quot;}\">\n\t\t\t\t<\/div>\n\t\t\t\t\t<\/div>\n\t\t\t\t<\/div>\n\t\t\t\t<\/div>\n\t\t<div class=\"elementor-element elementor-element-428d63a e-con-full e-flex e-con e-parent\" data-id=\"428d63a\" data-element_type=\"container\" data-settings=\"{&quot;background_background&quot;:&quot;classic&quot;}\">\n\t\t<div class=\"elementor-element elementor-element-58450ca e-flex e-con-boxed e-con e-child\" data-id=\"58450ca\" data-element_type=\"container\">\n\t\t\t\t\t<div class=\"e-con-inner\">\n\t\t<div class=\"elementor-element elementor-element-18e7600 e-con-full e-flex e-con e-child\" data-id=\"18e7600\" data-element_type=\"container\">\n\t\t\t\t<div class=\"elementor-element elementor-element-238798c elementor-widget__width-initial elementor-widget elementor-widget-heading\" data-id=\"238798c\" data-element_type=\"widget\" data-widget_type=\"heading.default\">\n\t\t\t\t<div class=\"elementor-widget-container\">\n\t\t\t<h3 class=\"elementor-heading-title elementor-size-default\">Choisir entre le fret a\u00e9rien et le fret maritime pour votre d\u00e9m\u00e9nagement<\/h3>\t\t<\/div>\n\t\t\t\t<\/div>\n\t\t\t\t<div class=\"elementor-element elementor-element-79ad9e8 elementor-widget__width-initial elementor-widget-mobile__width-initial elementor-widget elementor-widget-text-editor\" data-id=\"79ad9e8\" data-element_type=\"widget\" data-widget_type=\"text-editor.default\">\n\t\t\t\t<div class=\"elementor-widget-container\">\n\t\t\t\t\t\t\t<p>Le choix entre le fret a\u00e9rien et le fret maritime peut d\u00e9pendre de divers facteurs tels que l\u2019urgence, le budget, ainsi que le type et le volumes des objets que vous d\u00e9m\u00e9nagez.<\/p>\n<p>Lors d\u2019un d\u00e9m\u00e9nagement outre-mer, la majorit\u00e9 des articles domestiques sont d\u00e9m\u00e9nag\u00e9s par fret maritime, sur oc\u00e9ans ou sur mers. Le fret maritime permet le transport de conteneurs entiers d\u2019articles domestiques. C\u2019est donc le choix le plus \u00e9conomique pour les d\u00e9m\u00e9nagements longue distance. C\u2019est aussi celui qui offre le plus de capacit\u00e9, ce qui le rend parfait pour le d\u00e9m\u00e9nagement d\u2019objets lourds et encombrants tels que les livres, les meubles ou m\u00eame les v\u00e9hicules !<\/p>\n<p>Le fret maritime oc\u00e9anique fonctionne selon des horaires fixes ; les cargos ont besoin de temps pour traverser les oc\u00e9ans et atteindre leur destination ! Pour les articles domestiques hautement prioritaires ou n\u00e9cessitant un transport rapide, nous pouvons organiser des d\u00e9m\u00e9nagements par fret a\u00e9rien. Le fret a\u00e9rien permet le transport d\u2019un unique carton de v\u00eatements saisonniers ou une palette enti\u00e8re r\u00e9unissant une partie de vos affaires les plus importantes.<\/p>\n<p>Votre coordinateur de d\u00e9m\u00e9nagement d\u00e9di\u00e9 est un expert dans son domaine et collaborera avec vous pour \u00e9valuer vos besoins et d\u00e9cider du meilleur moyen de transport pour vos affaires. Que vous choisissiez le fret a\u00e9rien ou maritime, vous pouvez compter sur notre \u00e9quipe exp\u00e9riment\u00e9e pour g\u00e9rer la logistique avec fluidit\u00e9. Les 130 ans d\u2019exp\u00e9rience de Santa Fe en tant que soci\u00e9t\u00e9 de d\u00e9m\u00e9nagement local et international repr\u00e9sentent des millions d\u2019heures pass\u00e9es \u00e0 perfectionner nos services op\u00e9rationnels pour que vous n\u2019ayez \u00e0 vous soucier de rien. Point.<\/p>\n\t\t\t\t\t\t<\/div>\n\t\t\t\t<\/div>\n\t\t\t\t<\/div>\n\t\t<div class=\"elementor-element elementor-element-e62ba57 e-con-full e-flex e-con e-child\" data-id=\"e62ba57\" data-element_type=\"container\" data-settings=\"{&quot;background_background&quot;:&quot;classic&quot;}\">\n\t\t\t\t<\/div>\n\t\t\t\t\t<\/div>\n\t\t\t\t<\/div>\n\t\t\t\t<\/div>\n\t\t\t\t<\/div>\n\t\t","protected":false},"excerpt":{"rendered":"<p>Fret maritime et a\u00e9rien Nous trouverons le moyens appropri\u00e9 pour faire parvenir vos affaires \u00e0 votre nouveau domicile Lors d\u2019un d\u00e9m\u00e9nagement international, il ne vous incombe pas de tout savoir sur les m\u00e9thodes d\u2019exp\u00e9dition de vos affaires de leur point de d\u00e9part \u00e0 leur destination. Santa Fe peut g\u00e9rer la logistique de votre d\u00e9m\u00e9nagement pour [&hellip;]<\/p>\n","protected":false},"author":9,"featured_media":0,"parent":7354,"menu_order":0,"comment_status":"closed","ping_status":"closed","template":"","meta":{"_acf_changed":false,"footnotes":""},"class_list":["post-7361","page","type-page","status-publish","hentry"],"acf":[],"yoast_head":"<!-- This site is optimized with the Yoast SEO Premium plugin v22.8 (Yoast SEO v23.7) - https:\/\/yoast.com\/wordpress\/plugins\/seo\/ -->\n<title>Fret maritime et a\u00e9rien | Santa Fe Relocation<\/title>\n<meta name=\"description\" content=\"Sanelo propose des services de fret a\u00e9rien et maritime, offrant des options flexibles pour r\u00e9pondre \u00e0 vos besoins sp\u00e9cifiques en mati\u00e8re de d\u00e9m\u00e9nagement.\" \/>\n<meta name=\"robots\" content=\"index, follow, max-snippet:-1, max-image-preview:large, max-video-preview:-1\" \/>\n<link rel=\"canonical\" href=\"https:\/\/personal.santaferelo.com\/moving-services\/air-and-ocean-freight\/\" \/>\n<meta property=\"og:locale\" content=\"fr_FR\" \/>\n<meta property=\"og:type\" content=\"article\" \/>\n<meta property=\"og:title\" content=\"Fret maritime et a\u00e9rien\" \/>\n<meta property=\"og:description\" content=\"Sanelo propose des services de fret a\u00e9rien et maritime, offrant des options flexibles pour r\u00e9pondre \u00e0 vos besoins sp\u00e9cifiques en mati\u00e8re de d\u00e9m\u00e9nagement.\" \/>\n<meta property=\"og:url\" content=\"https:\/\/personal.santaferelo.com\/moving-services\/air-and-ocean-freight\/\" \/>\n<meta property=\"og:site_name\" content=\"Santa Fe Relocation\" \/>\n<meta property=\"article:modified_time\" content=\"2024-11-19T17:11:51+00:00\" \/>\n<meta name=\"twitter:card\" content=\"summary_large_image\" \/>\n<meta name=\"twitter:label1\" content=\"Dur\u00e9e de lecture estim\u00e9e\" \/>\n\t<meta name=\"twitter:data1\" content=\"2 minutes\" \/>\n<script type=\"application\/ld+json\" class=\"yoast-schema-graph\">{\"@context\":\"https:\/\/schema.org\",\"@graph\":[{\"@type\":\"WebPage\",\"@id\":\"https:\/\/personal.santaferelo.com\/moving-services\/air-and-ocean-freight\/\",\"url\":\"https:\/\/personal.santaferelo.com\/moving-services\/air-and-ocean-freight\/\",\"name\":\"Fret maritime et a\u00e9rien | Santa Fe Relocation\",\"isPartOf\":{\"@id\":\"https:\/\/personal.santaferelo.com\/#website\"},\"datePublished\":\"2023-06-14T07:43:32+00:00\",\"dateModified\":\"2024-11-19T17:11:51+00:00\",\"description\":\"Sanelo propose des services de fret a\u00e9rien et maritime, offrant des options flexibles pour r\u00e9pondre \u00e0 vos besoins sp\u00e9cifiques en mati\u00e8re de d\u00e9m\u00e9nagement.\",\"breadcrumb\":{\"@id\":\"https:\/\/personal.santaferelo.com\/moving-services\/air-and-ocean-freight\/#breadcrumb\"},\"inLanguage\":\"fr-FR\",\"potentialAction\":[{\"@type\":\"ReadAction\",\"target\":[\"https:\/\/personal.santaferelo.com\/moving-services\/air-and-ocean-freight\/\"]}]},{\"@type\":\"BreadcrumbList\",\"@id\":\"https:\/\/personal.santaferelo.com\/moving-services\/air-and-ocean-freight\/#breadcrumb\",\"itemListElement\":[{\"@type\":\"ListItem\",\"position\":1,\"name\":\"Home\",\"item\":\"https:\/\/personal.santaferelo.com\/\"},{\"@type\":\"ListItem\",\"position\":2,\"name\":\"Services de d\u00e9m\u00e9nagement\",\"item\":\"https:\/\/personal.santaferelo.com\/fr\/services-de-demenagement\/\"},{\"@type\":\"ListItem\",\"position\":3,\"name\":\"Fret maritime et a\u00e9rien\"}]},{\"@type\":\"WebSite\",\"@id\":\"https:\/\/personal.santaferelo.com\/#website\",\"url\":\"https:\/\/personal.santaferelo.com\/\",\"name\":\"Santa Fe Relocation\",\"description\":\"International and Local Moving\",\"publisher\":{\"@id\":\"https:\/\/personal.santaferelo.com\/#organization\"},\"potentialAction\":[{\"@type\":\"SearchAction\",\"target\":{\"@type\":\"EntryPoint\",\"urlTemplate\":\"https:\/\/personal.santaferelo.com\/?s={search_term_string}\"},\"query-input\":{\"@type\":\"PropertyValueSpecification\",\"valueRequired\":true,\"valueName\":\"search_term_string\"}}],\"inLanguage\":\"fr-FR\"},{\"@type\":\"Organization\",\"@id\":\"https:\/\/personal.santaferelo.com\/#organization\",\"name\":\"Santa Fe Relocation\",\"url\":\"https:\/\/personal.santaferelo.com\/\",\"logo\":{\"@type\":\"ImageObject\",\"inLanguage\":\"fr-FR\",\"@id\":\"https:\/\/personal.santaferelo.com\/#\/schema\/logo\/image\/\",\"url\":\"https:\/\/personal.santaferelo.com\/wp-content\/uploads\/2023\/05\/santalogo.svg?wsr\",\"contentUrl\":\"https:\/\/personal.santaferelo.com\/wp-content\/uploads\/2023\/05\/santalogo.svg?wsr\",\"width\":493,\"height\":289,\"caption\":\"Santa Fe Relocation\"},\"image\":{\"@id\":\"https:\/\/personal.santaferelo.com\/#\/schema\/logo\/image\/\"}}]}<\/script>\n<!-- \/ Yoast SEO Premium plugin. -->","yoast_head_json":{"title":"Fret maritime et a\u00e9rien | Santa Fe Relocation","description":"Sanelo propose des services de fret a\u00e9rien et maritime, offrant des options flexibles pour r\u00e9pondre \u00e0 vos besoins sp\u00e9cifiques en mati\u00e8re de d\u00e9m\u00e9nagement.","robots":{"index":"index","follow":"follow","max-snippet":"max-snippet:-1","max-image-preview":"max-image-preview:large","max-video-preview":"max-video-preview:-1"},"canonical":"https:\/\/personal.santaferelo.com\/moving-services\/air-and-ocean-freight\/","og_locale":"fr_FR","og_type":"article","og_title":"Fret maritime et a\u00e9rien","og_description":"Sanelo propose des services de fret a\u00e9rien et maritime, offrant des options flexibles pour r\u00e9pondre \u00e0 vos besoins sp\u00e9cifiques en mati\u00e8re de d\u00e9m\u00e9nagement.","og_url":"https:\/\/personal.santaferelo.com\/moving-services\/air-and-ocean-freight\/","og_site_name":"Santa Fe Relocation","article_modified_time":"2024-11-19T17:11:51+00:00","twitter_card":"summary_large_image","twitter_misc":{"Dur\u00e9e de lecture estim\u00e9e":"2 minutes"},"schema":{"@context":"https:\/\/schema.org","@graph":[{"@type":"WebPage","@id":"https:\/\/personal.santaferelo.com\/moving-services\/air-and-ocean-freight\/","url":"https:\/\/personal.santaferelo.com\/moving-services\/air-and-ocean-freight\/","name":"Fret maritime et a\u00e9rien | Santa Fe Relocation","isPartOf":{"@id":"https:\/\/personal.santaferelo.com\/#website"},"datePublished":"2023-06-14T07:43:32+00:00","dateModified":"2024-11-19T17:11:51+00:00","description":"Sanelo propose des services de fret a\u00e9rien et maritime, offrant des options flexibles pour r\u00e9pondre \u00e0 vos besoins sp\u00e9cifiques en mati\u00e8re de d\u00e9m\u00e9nagement.","breadcrumb":{"@id":"https:\/\/personal.santaferelo.com\/moving-services\/air-and-ocean-freight\/#breadcrumb"},"inLanguage":"fr-FR","potentialAction":[{"@type":"ReadAction","target":["https:\/\/personal.santaferelo.com\/moving-services\/air-and-ocean-freight\/"]}]},{"@type":"BreadcrumbList","@id":"https:\/\/personal.santaferelo.com\/moving-services\/air-and-ocean-freight\/#breadcrumb","itemListElement":[{"@type":"ListItem","position":1,"name":"Home","item":"https:\/\/personal.santaferelo.com\/"},{"@type":"ListItem","position":2,"name":"Services de d\u00e9m\u00e9nagement","item":"https:\/\/personal.santaferelo.com\/fr\/services-de-demenagement\/"},{"@type":"ListItem","position":3,"name":"Fret maritime et a\u00e9rien"}]},{"@type":"WebSite","@id":"https:\/\/personal.santaferelo.com\/#website","url":"https:\/\/personal.santaferelo.com\/","name":"Santa Fe Relocation","description":"International and Local Moving","publisher":{"@id":"https:\/\/personal.santaferelo.com\/#organization"},"potentialAction":[{"@type":"SearchAction","target":{"@type":"EntryPoint","urlTemplate":"https:\/\/personal.santaferelo.com\/?s={search_term_string}"},"query-input":{"@type":"PropertyValueSpecification","valueRequired":true,"valueName":"search_term_string"}}],"inLanguage":"fr-FR"},{"@type":"Organization","@id":"https:\/\/personal.santaferelo.com\/#organization","name":"Santa Fe Relocation","url":"https:\/\/personal.santaferelo.com\/","logo":{"@type":"ImageObject","inLanguage":"fr-FR","@id":"https:\/\/personal.santaferelo.com\/#\/schema\/logo\/image\/","url":"https:\/\/personal.santaferelo.com\/wp-content\/uploads\/2023\/05\/santalogo.svg?wsr","contentUrl":"https:\/\/personal.santaferelo.com\/wp-content\/uploads\/2023\/05\/santalogo.svg?wsr","width":493,"height":289,"caption":"Santa Fe Relocation"},"image":{"@id":"https:\/\/personal.santaferelo.com\/#\/schema\/logo\/image\/"}}]}},"_links":{"self":[{"href":"https:\/\/personal.santaferelo.com\/fr\/wp-json\/wp\/v2\/pages\/7361","targetHints":{"allow":["GET"]}}],"collection":[{"href":"https:\/\/personal.santaferelo.com\/fr\/wp-json\/wp\/v2\/pages"}],"about":[{"href":"https:\/\/personal.santaferelo.com\/fr\/wp-json\/wp\/v2\/types\/page"}],"author":[{"embeddable":true,"href":"https:\/\/personal.santaferelo.com\/fr\/wp-json\/wp\/v2\/users\/9"}],"replies":[{"embeddable":true,"href":"https:\/\/personal.santaferelo.com\/fr\/wp-json\/wp\/v2\/comments?post=7361"}],"version-history":[{"count":6,"href":"https:\/\/personal.santaferelo.com\/fr\/wp-json\/wp\/v2\/pages\/7361\/revisions"}],"predecessor-version":[{"id":14028,"href":"https:\/\/personal.santaferelo.com\/fr\/wp-json\/wp\/v2\/pages\/7361\/revisions\/14028"}],"up":[{"embeddable":true,"href":"https:\/\/personal.santaferelo.com\/fr\/wp-json\/wp\/v2\/pages\/7354"}],"wp:attachment":[{"href":"https:\/\/personal.santaferelo.com\/fr\/wp-json\/wp\/v2\/media?parent=7361"}],"curies":[{"name":"wp","href":"https:\/\/api.w.org\/{rel}","templated":true}]}}