{"id":7356,"date":"2023-06-14T04:56:48","date_gmt":"2023-06-14T04:56:48","guid":{"rendered":"https:\/\/personal.santaferelo.com\/moving-services\/consultation-prealable\/"},"modified":"2024-08-29T12:15:18","modified_gmt":"2024-08-29T12:15:18","slug":"consultation-prealable","status":"publish","type":"page","link":"https:\/\/personal.santaferelo.com\/fr\/services-de-demenagement\/consultation-prealable\/","title":{"rendered":"Consultation pr\u00e9alable"},"content":{"rendered":"\t\t<div data-elementor-type=\"wp-page\" data-elementor-id=\"7356\" class=\"elementor elementor-7356 elementor-1209\" data-elementor-post-type=\"page\">\n\t\t\t\t<div class=\"elementor-element elementor-element-4df923a e-con-full e-flex e-con e-parent\" data-id=\"4df923a\" data-element_type=\"container\" data-settings=\"{&quot;background_background&quot;:&quot;classic&quot;}\">\n\t\t<div class=\"elementor-element elementor-element-1c05fec e-flex e-con-boxed e-con e-child\" data-id=\"1c05fec\" data-element_type=\"container\">\n\t\t\t\t\t<div class=\"e-con-inner\">\n\t\t<div class=\"elementor-element elementor-element-7be7f65 e-con-full e-flex e-con e-child\" data-id=\"7be7f65\" data-element_type=\"container\">\n\t\t\t\t<div class=\"elementor-element elementor-element-d6f1256 elementor-widget elementor-widget-heading\" data-id=\"d6f1256\" data-element_type=\"widget\" data-widget_type=\"heading.default\">\n\t\t\t\t<div class=\"elementor-widget-container\">\n\t\t\t<h1 class=\"elementor-heading-title elementor-size-default\">Consultation pr\u00e9alable<\/h1>\t\t<\/div>\n\t\t\t\t<\/div>\n\t\t\t\t<\/div>\n\t\t<div class=\"elementor-element elementor-element-cab7dec e-con-full e-flex e-con e-child\" data-id=\"cab7dec\" data-element_type=\"container\" data-settings=\"{&quot;background_background&quot;:&quot;classic&quot;}\">\n\t\t\t\t<\/div>\n\t\t\t\t\t<\/div>\n\t\t\t\t<\/div>\n\t\t\t\t<\/div>\n\t\t<div class=\"elementor-element elementor-element-8b4d1ea e-con-full e-flex e-con e-parent\" data-id=\"8b4d1ea\" data-element_type=\"container\" data-settings=\"{&quot;background_background&quot;:&quot;classic&quot;}\">\n\t\t<div class=\"elementor-element elementor-element-ff03cec e-flex e-con-boxed e-con e-child\" data-id=\"ff03cec\" data-element_type=\"container\">\n\t\t\t\t\t<div class=\"e-con-inner\">\n\t\t<div class=\"elementor-element elementor-element-b6c9bf8 e-con-full e-flex e-con e-child\" data-id=\"b6c9bf8\" data-element_type=\"container\">\n\t\t\t\t<div class=\"elementor-element elementor-element-d2deef3 elementor-widget__width-initial elementor-widget elementor-widget-heading\" data-id=\"d2deef3\" data-element_type=\"widget\" data-widget_type=\"heading.default\">\n\t\t\t\t<div class=\"elementor-widget-container\">\n\t\t\t<h3 class=\"elementor-heading-title elementor-size-default\">Nous vous aidons \u00e0 cr\u00e9er un programme pour d\u00e9m\u00e9nager toutes vos affaires.<\/h3>\t\t<\/div>\n\t\t\t\t<\/div>\n\t\t\t\t<div class=\"elementor-element elementor-element-f5d2f32 elementor-widget__width-initial elementor-widget-mobile__width-initial elementor-widget elementor-widget-text-editor\" data-id=\"f5d2f32\" data-element_type=\"widget\" data-widget_type=\"text-editor.default\">\n\t\t\t\t<div class=\"elementor-widget-container\">\n\t\t\t\t\t\t\t<p>Une fois que vous savez \u00ab\u00a0O\u00f9\u00a0\u00bb vous d\u00e9m\u00e9nagez, la grande question suivante est \u00ab\u00a0Comment?\u00a0\u00bb L\u2019\u00e9quipe de Santa Fe se compose de personnes expertes dans l\u2019art de faire de tout d\u00e9m\u00e9nagement, petit ou grand, une r\u00e9ussite. D\u00e9terminer comment d\u00e9m\u00e9nager vos affaires en toute s\u00e9curit\u00e9 jusqu\u2019\u00e0 votre nouveau domicile commence par une consultation pr\u00e9alable. Votre consultant met en place une enqu\u00eate pr\u00e9alable pour connaitre vos exigences sp\u00e9cifiques et cr\u00e9er pour vous un devis de d\u00e9m\u00e9nagement, afin d\u2019en faire une exp\u00e9rience fluide.<\/p>\n\t\t\t\t\t\t<\/div>\n\t\t\t\t<\/div>\n\t\t\t\t<\/div>\n\t\t<div class=\"elementor-element elementor-element-9454d16 e-con-full e-flex e-con e-child\" data-id=\"9454d16\" data-element_type=\"container\" data-settings=\"{&quot;background_background&quot;:&quot;classic&quot;}\">\n\t\t\t\t<\/div>\n\t\t\t\t\t<\/div>\n\t\t\t\t<\/div>\n\t\t\t\t<\/div>\n\t\t<div class=\"elementor-element elementor-element-2fbc1e9 e-con-full e-flex e-con e-parent\" data-id=\"2fbc1e9\" data-element_type=\"container\" data-settings=\"{&quot;background_background&quot;:&quot;classic&quot;}\">\n\t\t<div class=\"elementor-element elementor-element-c3e8c23 e-flex e-con-boxed e-con e-child\" data-id=\"c3e8c23\" data-element_type=\"container\">\n\t\t\t\t\t<div class=\"e-con-inner\">\n\t\t<div class=\"elementor-element elementor-element-6050111 e-con-full e-flex e-con e-child\" data-id=\"6050111\" data-element_type=\"container\">\n\t\t\t\t<div class=\"elementor-element elementor-element-a4d09e0 elementor-widget__width-initial elementor-widget elementor-widget-heading\" data-id=\"a4d09e0\" data-element_type=\"widget\" data-widget_type=\"heading.default\">\n\t\t\t\t<div class=\"elementor-widget-container\">\n\t\t\t<h3 class=\"elementor-heading-title elementor-size-default\">D\u00e9couvrez les avantages d\u2019une consultation pr\u00e9alable au d\u00e9m\u00e9nagement<\/h3>\t\t<\/div>\n\t\t\t\t<\/div>\n\t\t\t\t<div class=\"elementor-element elementor-element-ca63461 elementor-widget__width-initial elementor-widget-mobile__width-initial elementor-widget elementor-widget-text-editor\" data-id=\"ca63461\" data-element_type=\"widget\" data-widget_type=\"text-editor.default\">\n\t\t\t\t<div class=\"elementor-widget-container\">\n\t\t\t\t\t\t\t<p>Une consultation pr\u00e9alable nous permet de connaitre les aspects qui font la sp\u00e9cificit\u00e9 de votre d\u00e9m\u00e9nagement. Aucun d\u00e9m\u00e9nagement ne ressemble \u00e0 un autre, m\u00eame s\u2019ils commencent et se terminent au m\u00eame endroit. Une consultation pr\u00e9alable au d\u00e9m\u00e9nagement nous permet de mieux vous connaitre, vous et votre domicile, qu\u2019il s\u2019agisse de maitriser votre calendrier ou de savoir comment d\u00e9m\u00e9nager vos objets les plus fragiles.<\/p>\n<p>L\u2019un des aspect de la consultation pr\u00e9alable est notre enqu\u00eate de d\u00e9m\u00e9nagement. Santa Fe utilise des solutions virtuelles de pointe, s\u2019appuyant sur l\u2019IA, afin de d\u00e9tailler chacune de vos affaires, pi\u00e8ce par pi\u00e8ce, pour une estimation pr\u00e9cise. Un technicien charg\u00e9 de l\u2019enqu\u00eate s\u2019entretiendra avec vous lors de la capture de vid\u00e9os de chaque pi\u00e8ce de votre domicile, afin d\u2019obtenir des images claires de tout ce que vous comptez d\u00e9m\u00e9nager. Ensuite, ce technicien classera tout ce qui apparait dans la vid\u00e9o pour cr\u00e9er un inventaire visuel de chaque objet que vous comptez d\u00e9m\u00e9nager.<\/p>\n<p>Nous pouvons aussi effectuer une enqu\u00eate plus traditionnelle sur place, impliquant la venue \u00e0 votre domicile d\u2019un consultant avant le d\u00e9m\u00e9nagement, auquel vous expliquerez les exigences li\u00e9es \u00e0 votre d\u00e9m\u00e9nagement. Ce type de service personnel contribue \u00e0 nous distinguer de la concurrence, en assurant que vous soyez au c\u0153ur du processus.<\/p>\n<p>Cela signifie que notre \u00e9quipe de d\u00e9m\u00e9nagement arrive le jour du d\u00e9m\u00e9nagement en sachant \u00e0 l\u2019avance tout ce qui doit \u00eatre emball\u00e9 et transport\u00e9, m\u00eame le contenu du petit placard sous l\u2019\u00e9vier de la cuisine auquel vous ne pensiez plus !<\/p>\n<p>Une fois la consultation pr\u00e9alable termin\u00e9e, nous r\u00e9pondrons \u00e0 toutes vos questions et toutes vos affaires seront inventori\u00e9es. Ensuite, il sera temps de d\u00e9m\u00e9nager !<\/p>\n\t\t\t\t\t\t<\/div>\n\t\t\t\t<\/div>\n\t\t\t\t<\/div>\n\t\t<div class=\"elementor-element elementor-element-792b6e2 e-con-full e-flex e-con e-child\" data-id=\"792b6e2\" data-element_type=\"container\" data-settings=\"{&quot;background_background&quot;:&quot;classic&quot;}\">\n\t\t\t\t<\/div>\n\t\t\t\t\t<\/div>\n\t\t\t\t<\/div>\n\t\t\t\t<\/div>\n\t\t\t\t<\/div>\n\t\t","protected":false},"excerpt":{"rendered":"<p>Consultation pr\u00e9alable Nous vous aidons \u00e0 cr\u00e9er un programme pour d\u00e9m\u00e9nager toutes vos affaires. Une fois que vous savez \u00ab\u00a0O\u00f9\u00a0\u00bb vous d\u00e9m\u00e9nagez, la grande question suivante est \u00ab\u00a0Comment?\u00a0\u00bb L\u2019\u00e9quipe de Sanelo se compose de personnes expertes dans l\u2019art de faire de tout d\u00e9m\u00e9nagement, petit ou grand, une r\u00e9ussite. D\u00e9terminer comment d\u00e9m\u00e9nager vos affaires en toute [&hellip;]<\/p>\n","protected":false},"author":9,"featured_media":0,"parent":7354,"menu_order":0,"comment_status":"closed","ping_status":"closed","template":"","meta":{"_acf_changed":false,"footnotes":""},"class_list":["post-7356","page","type-page","status-publish","hentry"],"acf":[],"yoast_head":"<!-- This site is optimized with the Yoast SEO Premium plugin v22.8 (Yoast SEO v23.7) - https:\/\/yoast.com\/wordpress\/plugins\/seo\/ -->\n<title>Consultation pr\u00e9alable | Santa Fe Relocation<\/title>\n<meta name=\"description\" content=\"Une fois que vous savez l\u00e0 &quot;o\u00f9&quot; vous d\u00e9m\u00e9nagez, la questions suivante est &quot;Comment&quot;! La consultation avant d\u00e9m\u00e9nagement de Sanelo garantit le succ\u00e8s de votre d\u00e9m\u00e9nagement et cela sans stress.\" \/>\n<meta name=\"robots\" content=\"index, follow, max-snippet:-1, max-image-preview:large, max-video-preview:-1\" \/>\n<link rel=\"canonical\" href=\"https:\/\/personal.santaferelo.com\/moving-services\/pre-move-consultation\/\" \/>\n<meta property=\"og:locale\" content=\"fr_FR\" \/>\n<meta property=\"og:type\" content=\"article\" \/>\n<meta property=\"og:title\" content=\"Consultation pr\u00e9alable\" \/>\n<meta property=\"og:description\" content=\"Une fois que vous savez l\u00e0 &quot;o\u00f9&quot; vous d\u00e9m\u00e9nagez, la questions suivante est &quot;Comment&quot;! La consultation avant d\u00e9m\u00e9nagement de Sanelo garantit le succ\u00e8s de votre d\u00e9m\u00e9nagement et cela sans stress.\" \/>\n<meta property=\"og:url\" content=\"https:\/\/personal.santaferelo.com\/moving-services\/pre-move-consultation\/\" \/>\n<meta property=\"og:site_name\" content=\"Santa Fe Relocation\" \/>\n<meta property=\"article:modified_time\" content=\"2024-08-29T12:15:18+00:00\" \/>\n<meta name=\"twitter:card\" content=\"summary_large_image\" \/>\n<meta name=\"twitter:label1\" content=\"Dur\u00e9e de lecture estim\u00e9e\" \/>\n\t<meta name=\"twitter:data1\" content=\"2 minutes\" \/>\n<script type=\"application\/ld+json\" class=\"yoast-schema-graph\">{\"@context\":\"https:\/\/schema.org\",\"@graph\":[{\"@type\":\"WebPage\",\"@id\":\"https:\/\/personal.santaferelo.com\/moving-services\/pre-move-consultation\/\",\"url\":\"https:\/\/personal.santaferelo.com\/moving-services\/pre-move-consultation\/\",\"name\":\"Consultation pr\u00e9alable | Santa Fe Relocation\",\"isPartOf\":{\"@id\":\"https:\/\/personal.santaferelo.com\/#website\"},\"datePublished\":\"2023-06-14T04:56:48+00:00\",\"dateModified\":\"2024-08-29T12:15:18+00:00\",\"description\":\"Une fois que vous savez l\u00e0 \\\"o\u00f9\\\" vous d\u00e9m\u00e9nagez, la questions suivante est \\\"Comment\\\"! La consultation avant d\u00e9m\u00e9nagement de Sanelo garantit le succ\u00e8s de votre d\u00e9m\u00e9nagement et cela sans stress.\",\"breadcrumb\":{\"@id\":\"https:\/\/personal.santaferelo.com\/moving-services\/pre-move-consultation\/#breadcrumb\"},\"inLanguage\":\"fr-FR\",\"potentialAction\":[{\"@type\":\"ReadAction\",\"target\":[\"https:\/\/personal.santaferelo.com\/moving-services\/pre-move-consultation\/\"]}]},{\"@type\":\"BreadcrumbList\",\"@id\":\"https:\/\/personal.santaferelo.com\/moving-services\/pre-move-consultation\/#breadcrumb\",\"itemListElement\":[{\"@type\":\"ListItem\",\"position\":1,\"name\":\"Home\",\"item\":\"https:\/\/personal.santaferelo.com\/\"},{\"@type\":\"ListItem\",\"position\":2,\"name\":\"Services de d\u00e9m\u00e9nagement\",\"item\":\"https:\/\/personal.santaferelo.com\/fr\/services-de-demenagement\/\"},{\"@type\":\"ListItem\",\"position\":3,\"name\":\"Consultation pr\u00e9alable\"}]},{\"@type\":\"WebSite\",\"@id\":\"https:\/\/personal.santaferelo.com\/#website\",\"url\":\"https:\/\/personal.santaferelo.com\/\",\"name\":\"Santa Fe Relocation\",\"description\":\"International and Local Moving\",\"publisher\":{\"@id\":\"https:\/\/personal.santaferelo.com\/#organization\"},\"potentialAction\":[{\"@type\":\"SearchAction\",\"target\":{\"@type\":\"EntryPoint\",\"urlTemplate\":\"https:\/\/personal.santaferelo.com\/?s={search_term_string}\"},\"query-input\":{\"@type\":\"PropertyValueSpecification\",\"valueRequired\":true,\"valueName\":\"search_term_string\"}}],\"inLanguage\":\"fr-FR\"},{\"@type\":\"Organization\",\"@id\":\"https:\/\/personal.santaferelo.com\/#organization\",\"name\":\"Santa Fe Relocation\",\"url\":\"https:\/\/personal.santaferelo.com\/\",\"logo\":{\"@type\":\"ImageObject\",\"inLanguage\":\"fr-FR\",\"@id\":\"https:\/\/personal.santaferelo.com\/#\/schema\/logo\/image\/\",\"url\":\"https:\/\/personal.santaferelo.com\/wp-content\/uploads\/2023\/05\/santalogo.svg?wsr\",\"contentUrl\":\"https:\/\/personal.santaferelo.com\/wp-content\/uploads\/2023\/05\/santalogo.svg?wsr\",\"width\":493,\"height\":289,\"caption\":\"Santa Fe Relocation\"},\"image\":{\"@id\":\"https:\/\/personal.santaferelo.com\/#\/schema\/logo\/image\/\"}}]}<\/script>\n<!-- \/ Yoast SEO Premium plugin. -->","yoast_head_json":{"title":"Consultation pr\u00e9alable | Santa Fe Relocation","description":"Une fois que vous savez l\u00e0 \"o\u00f9\" vous d\u00e9m\u00e9nagez, la questions suivante est \"Comment\"! La consultation avant d\u00e9m\u00e9nagement de Sanelo garantit le succ\u00e8s de votre d\u00e9m\u00e9nagement et cela sans stress.","robots":{"index":"index","follow":"follow","max-snippet":"max-snippet:-1","max-image-preview":"max-image-preview:large","max-video-preview":"max-video-preview:-1"},"canonical":"https:\/\/personal.santaferelo.com\/moving-services\/pre-move-consultation\/","og_locale":"fr_FR","og_type":"article","og_title":"Consultation pr\u00e9alable","og_description":"Une fois que vous savez l\u00e0 \"o\u00f9\" vous d\u00e9m\u00e9nagez, la questions suivante est \"Comment\"! La consultation avant d\u00e9m\u00e9nagement de Sanelo garantit le succ\u00e8s de votre d\u00e9m\u00e9nagement et cela sans stress.","og_url":"https:\/\/personal.santaferelo.com\/moving-services\/pre-move-consultation\/","og_site_name":"Santa Fe Relocation","article_modified_time":"2024-08-29T12:15:18+00:00","twitter_card":"summary_large_image","twitter_misc":{"Dur\u00e9e de lecture estim\u00e9e":"2 minutes"},"schema":{"@context":"https:\/\/schema.org","@graph":[{"@type":"WebPage","@id":"https:\/\/personal.santaferelo.com\/moving-services\/pre-move-consultation\/","url":"https:\/\/personal.santaferelo.com\/moving-services\/pre-move-consultation\/","name":"Consultation pr\u00e9alable | Santa Fe Relocation","isPartOf":{"@id":"https:\/\/personal.santaferelo.com\/#website"},"datePublished":"2023-06-14T04:56:48+00:00","dateModified":"2024-08-29T12:15:18+00:00","description":"Une fois que vous savez l\u00e0 \"o\u00f9\" vous d\u00e9m\u00e9nagez, la questions suivante est \"Comment\"! La consultation avant d\u00e9m\u00e9nagement de Sanelo garantit le succ\u00e8s de votre d\u00e9m\u00e9nagement et cela sans stress.","breadcrumb":{"@id":"https:\/\/personal.santaferelo.com\/moving-services\/pre-move-consultation\/#breadcrumb"},"inLanguage":"fr-FR","potentialAction":[{"@type":"ReadAction","target":["https:\/\/personal.santaferelo.com\/moving-services\/pre-move-consultation\/"]}]},{"@type":"BreadcrumbList","@id":"https:\/\/personal.santaferelo.com\/moving-services\/pre-move-consultation\/#breadcrumb","itemListElement":[{"@type":"ListItem","position":1,"name":"Home","item":"https:\/\/personal.santaferelo.com\/"},{"@type":"ListItem","position":2,"name":"Services de d\u00e9m\u00e9nagement","item":"https:\/\/personal.santaferelo.com\/fr\/services-de-demenagement\/"},{"@type":"ListItem","position":3,"name":"Consultation pr\u00e9alable"}]},{"@type":"WebSite","@id":"https:\/\/personal.santaferelo.com\/#website","url":"https:\/\/personal.santaferelo.com\/","name":"Santa Fe Relocation","description":"International and Local Moving","publisher":{"@id":"https:\/\/personal.santaferelo.com\/#organization"},"potentialAction":[{"@type":"SearchAction","target":{"@type":"EntryPoint","urlTemplate":"https:\/\/personal.santaferelo.com\/?s={search_term_string}"},"query-input":{"@type":"PropertyValueSpecification","valueRequired":true,"valueName":"search_term_string"}}],"inLanguage":"fr-FR"},{"@type":"Organization","@id":"https:\/\/personal.santaferelo.com\/#organization","name":"Santa Fe Relocation","url":"https:\/\/personal.santaferelo.com\/","logo":{"@type":"ImageObject","inLanguage":"fr-FR","@id":"https:\/\/personal.santaferelo.com\/#\/schema\/logo\/image\/","url":"https:\/\/personal.santaferelo.com\/wp-content\/uploads\/2023\/05\/santalogo.svg?wsr","contentUrl":"https:\/\/personal.santaferelo.com\/wp-content\/uploads\/2023\/05\/santalogo.svg?wsr","width":493,"height":289,"caption":"Santa Fe Relocation"},"image":{"@id":"https:\/\/personal.santaferelo.com\/#\/schema\/logo\/image\/"}}]}},"_links":{"self":[{"href":"https:\/\/personal.santaferelo.com\/fr\/wp-json\/wp\/v2\/pages\/7356","targetHints":{"allow":["GET"]}}],"collection":[{"href":"https:\/\/personal.santaferelo.com\/fr\/wp-json\/wp\/v2\/pages"}],"about":[{"href":"https:\/\/personal.santaferelo.com\/fr\/wp-json\/wp\/v2\/types\/page"}],"author":[{"embeddable":true,"href":"https:\/\/personal.santaferelo.com\/fr\/wp-json\/wp\/v2\/users\/9"}],"replies":[{"embeddable":true,"href":"https:\/\/personal.santaferelo.com\/fr\/wp-json\/wp\/v2\/comments?post=7356"}],"version-history":[{"count":3,"href":"https:\/\/personal.santaferelo.com\/fr\/wp-json\/wp\/v2\/pages\/7356\/revisions"}],"predecessor-version":[{"id":9778,"href":"https:\/\/personal.santaferelo.com\/fr\/wp-json\/wp\/v2\/pages\/7356\/revisions\/9778"}],"up":[{"embeddable":true,"href":"https:\/\/personal.santaferelo.com\/fr\/wp-json\/wp\/v2\/pages\/7354"}],"wp:attachment":[{"href":"https:\/\/personal.santaferelo.com\/fr\/wp-json\/wp\/v2\/media?parent=7356"}],"curies":[{"name":"wp","href":"https:\/\/api.w.org\/{rel}","templated":true}]}}